{"id":71,"date":"2026-03-24T16:00:20","date_gmt":"2026-03-24T15:00:20","guid":{"rendered":"https:\/\/w.zset.leszno.pl\/blog\/?page_id=71"},"modified":"2026-03-24T16:00:20","modified_gmt":"2026-03-24T15:00:20","slug":"regulamin-uslug-hostingowych-zset","status":"publish","type":"page","link":"https:\/\/w.zset.leszno.pl\/index.php\/regulamin-uslug-hostingowych-zset\/","title":{"rendered":"Regulamin us\u0142ug hostingowych ZSET"},"content":{"rendered":"\n<h3 class=\"wp-block-heading has-text-align-center\">ROZDZIA\u0141 I. POSTANOWIENIA OG\u00d3LNE<\/h3>\n\n\n\n<p class=\"has-text-align-center\">\u00a71<\/p>\n\n\n\n<ol class=\"wp-block-list\">\n<li>Niniejszy regulamin okre\u015bla szczeg\u00f3\u0142owe zasady \u015bwiadczenia Us\u0142ug hostingowych przez ZSET Leszno i zwany b\u0119dzie dalej \u201eRegulaminem hostingu\u201d.<\/li>\n\n\n\n<li>ZSET Leszno oznacza Zesp\u00f3\u0142 Szk\u00f3\u0142 Elektroniczno-Telekomunikacyjnych przy ul. Jana Kili\u0144skiego 4 w Lesznie.<\/li>\n\n\n\n<li>ZSET Leszno zwany b\u0119dzie dalej \u201eDostawc\u0105\u201d.<\/li>\n<\/ol>\n\n\n\n<p class=\"has-text-align-center\">\u00a72<\/p>\n\n\n\n<p>Okre\u015blenia u\u017cyte w Regulaminie hostingu oznaczaj\u0105:<\/p>\n\n\n\n<ol class=\"wp-block-list\">\n<li>\u201eUs\u0142uga\u201d &#8211; us\u0142uga polegaj\u0105ca na udost\u0119pnieniu zasob\u00f3w (Serwer wirtualny), w celu zapisu i przetwarzania danych w formacie cyfrowym, z wykorzystaniem niezb\u0119dnej infrastruktury technicznej, w zakresie parametr\u00f3w Us\u0142ugi, w tym Limitu, okre\u015blonych w Zam\u00f3wieniu lub Specyfikacji technicznej Us\u0142ugi;<\/li>\n\n\n\n<li>\u201eSerwer\u201d &#8211; Serwer Dostawcy;<\/li>\n\n\n\n<li>\u201eSerwer Dostawcy\u201d &#8211; pozostaj\u0105ce w dyspozycji Dostawcy wydzielona systemowo przestrze\u0144 jego zasob\u00f3w (Serwer wirtualny), s\u0142u\u017c\u0105ce do zapisu i przetwarzania danych w formacie cyfrowym, wraz z okre\u015blonym w Specyfikacji technicznej oprogramowaniem s\u0142u\u017c\u0105cym do administrowania zapisanymi danymi, oraz zapewnionym dost\u0119pem do energii elektrycznej i sieci Internet;<\/li>\n\n\n\n<li>\u201eLimit\u201d \u2013 okre\u015blone w Specyfikacji technicznej Us\u0142ugi maksimum, mo\u017cliwe do osi\u0105gni\u0119cia w trakcie trwania okresu wskazanego w Specyfikacji technicznej danej Us\u0142ugi (np. limit transferu danych jako limit ruchu mierzonego na warstwie IP w kierunku do i z Serwera);<\/li>\n<\/ol>\n\n\n\n<p class=\"has-text-align-center\">\u00a73<\/p>\n\n\n\n<ol class=\"wp-block-list\">\n<li>Postanowienia Umowy, w tym Zam\u00f3wienia, Specyfikacji technicznych, odmienne od postanowie\u0144 Regulaminu hostingu, znajduj\u0105 pierwsze\u0144stwo zastosowania przed postanowieniami Regulaminu hostingu.<\/li>\n\n\n\n<li>\u017badne z postanowie\u0144 Regulaminu hostingu nie wy\u0142\u0105cza ani nie ogranicza uprawnie\u0144 Konsumenta wynikaj\u0105cych z przepis\u00f3w powszechnie obowi\u0105zuj\u0105cego prawa. W przypadku jakichkolwiek w\u0105tpliwo\u015bci dotycz\u0105cych interpretacji poszczeg\u00f3lnych zapis\u00f3w Regulaminu hostingu stosuje si\u0119 zasad\u0119 okre\u015blon\u0105 w zdaniu pierwszym.<\/li>\n<\/ol>\n\n\n\n<h3 class=\"wp-block-heading has-text-align-center\">ROZDZIA\u0141 II. US\u0141UGI HOSTINGOWE<\/h3>\n\n\n\n<p class=\"has-text-align-center\">\u00a74<\/p>\n\n\n\n<ol class=\"wp-block-list\">\n<li>Na podstawie Umowy o \u015bwiadczenie Us\u0142ug hostingowych, Dostawca udost\u0119pnia Klientowi, wed\u0142ug jego wyboru wskazanego w Zam\u00f3wieniu, zasoby Serwer\u00f3w Dostawcy i zapewnia Klientowi mo\u017cliwo\u015b\u0107 zapisywania i administrowania danymi w formacie cyfrowym, zgodnie z parametrami okre\u015blonymi dla danej Us\u0142ugi.<\/li>\n\n\n\n<li>Szczeg\u00f3\u0142owy opis techniczny w zakresie parametr\u00f3w Us\u0142ugi okre\u015bla Specyfikacja techniczna zawieraj\u0105ca opis rodzaj\u00f3w Serwer\u00f3w wyszczeg\u00f3lnionych w ofercie Dostawcy.<\/li>\n\n\n\n<li>Klient, w ramach Panelu, otrzymuje aktualizowan\u0105 dobowo informacj\u0119 o poziomie wykorzystania Limitu.<\/li>\n\n\n\n<li>W przypadku przekroczenia Limitu, Dostawca uprawniony jest do zablokowania mo\u017cliwo\u015bci zapisywania i administrowania danymi zapisanymi przez Klienta, do chwili up\u0142ywu okresu, dla kt\u00f3rego Limit zosta\u0142 przypisany w Specyfikacji technicznej Us\u0142ugi.<\/li>\n\n\n\n<li>Podczas przerwy technicznej w \u015bwiadczeniu Us\u0142ugi, jej niedost\u0119pno\u015bci, jak i przed zamieszczeniem danych przez Klienta na Serwerze, wy\u015bwietlana mo\u017ce by\u0107 plansza Dostawcy informuj\u0105ca o niedost\u0119pno\u015bci Us\u0142ugi oraz zwi\u0105zanych z ni\u0105 danych, niewskazuj\u0105ca jednak powod\u00f3w tej niedost\u0119pno\u015bci.<\/li>\n\n\n\n<li>Klient zobowi\u0105zany jest we w\u0142asnym zakresie wykona\u0107 i posiada\u0107 kopi\u0119 zapasow\u0105 danych, kt\u00f3re przetwarza w ramach system\u00f3w teleinformatycznych Dostawcy, niezale\u017cnie od tego, czy Dostawca tak\u017ce tworzy takie kopie.<\/li>\n\n\n\n<li>Klient zobowi\u0105zany jest przestrzega\u0107 warunk\u00f3w korzystania (licencji), okre\u015blonych przez odpowiednich licencjodawc\u00f3w, z wszelkiego udost\u0119pnionego mu w ramach Us\u0142ugi oprogramowania oraz ponosi pe\u0142n\u0105 i wy\u0142\u0105czn\u0105 odpowiedzialno\u015b\u0107 za ewentualne naruszenie warunk\u00f3w korzystania z tego oprogramowania, w szczeg\u00f3lno\u015bci korzystania lub instalowania innego oprogramowania niezgodnego z warunkami licencji. Dostawca zastrzega sobie prawo do kontroli przestrzegania przez Klienta warunk\u00f3w korzystania przez niego z udost\u0119pnionego mu oprogramowania.<\/li>\n<\/ol>\n\n\n\n<p class=\"has-text-align-center\">\u00a75<\/p>\n\n\n\n<ol class=\"wp-block-list\">\n<li>Klient zobowi\u0105zany jest do zapisania danych z Serwera Dostawcy przed up\u0142ywem czasu trwania Umowy w celu unikni\u0119cia ich utraty.<\/li>\n\n\n\n<li>Dane zgromadzone na udost\u0119pnionym Klientowi w ramach Us\u0142ugi Serwerze Dostawcy mog\u0105 by\u0107 przechowywane przez okres nie kr\u00f3tszy ni\u017c 14 dni i nie d\u0142u\u017cszy ni\u017c 60 dni, od dnia zako\u0144czenia trwania Umowy, a nast\u0119pnie usuni\u0119te z przestrzeni Serwera Dostawcy.<\/li>\n\n\n\n<li>Je\u017celi Klient, po zako\u0144czeniu trwania Umowy, z\u0142o\u017cy wniosek o udost\u0119pnienie mu danych zapisanych na udost\u0119pnionym mu w ramach Us\u0142ugi Serwerze Dostawcy, a dane te b\u0119d\u0105 jeszcze dost\u0119pne, Dostawca podejmie dzia\u0142ania zmierzaj\u0105ce do ich udost\u0119pnienia.<\/li>\n\n\n\n<li>Dostawca, w przypadku nieprzed\u0142u\u017cenia Umowy na \u015bwiadczenie Us\u0142ugi hostingowej, nie ponosi odpowiedzialno\u015bci za utrat\u0119 przez Klienta danych zapisanych na udost\u0119pnionym mu Serwerze Dostawcy.<\/li>\n\n\n\n<li>Dane zapisane na przestrzeni Serwera Klienta nie podlegaj\u0105 usuni\u0119ciu po zako\u0144czeniu trwania Umowy.<\/li>\n<\/ol>\n\n\n\n<p class=\"has-text-align-center\">\u00a76<\/p>\n\n\n\n<ol class=\"wp-block-list\">\n<li>Umowa o \u015bwiadczenie Us\u0142ugi hostingowej zawierana jest na czas oznaczony, wskazany przez Klienta w Zam\u00f3wieniu.<\/li>\n\n\n\n<li>Minimalny czas trwania Umowy o \u015bwiadczenie Us\u0142ugi hostingowej wynosi jeden miesi\u0105c, chyba \u017ce z zawartej Umowy lub specyfikacji Us\u0142ugi wynika inny okres. Nie dotyczy to przypadk\u00f3w testowego umo\u017cliwienia dost\u0119pu do Us\u0142ugi na warunkach okre\u015blonych przez Dostawc\u0119.<\/li>\n<\/ol>\n\n\n\n<h3 class=\"wp-block-heading has-text-align-center\">ROZDZIA\u0141 III. ODPOWIEDZIALNO\u015a\u0106 STRON<\/h3>\n\n\n\n<p class=\"has-text-align-center\">\u00a77<\/p>\n\n\n\n<ol class=\"wp-block-list\">\n<li>Dostawca nie ponosi odpowiedzialno\u015b\u0107 za szkod\u0119 wyrz\u0105dzon\u0105 Klientowi spowodowan\u0105 niewykonaniem lub nienale\u017cytym wykonaniem Us\u0142ugi, szczeg\u00f3lnie je\u017celi niewykonanie lub nienale\u017cyte wykonanie Us\u0142ugi jest nast\u0119pstwem okoliczno\u015bci, za kt\u00f3re Dostawca nie ponosi odpowiedzialno\u015bci, to jest:\n<ul class=\"wp-block-list\">\n<li>braku ci\u0105g\u0142o\u015bci \u015bwiadczenia Us\u0142ugi niezawinionego przez Dostawc\u0119, w tym:\n<ul class=\"wp-block-list\">\n<li>dzia\u0142ania si\u0142y wy\u017cszej (pow\u00f3d\u017a, huragan itp.);<\/li>\n\n\n\n<li>nieuprawnionego pos\u0142u\u017cenia si\u0119 danymi autoryzacyjnymi, przekazanymi Klientowi w celu dost\u0119pu do infrastruktury technicznej s\u0142u\u017c\u0105cej do obs\u0142ugi Serwera udost\u0119pnionej w ramach Us\u0142ugi;<\/li>\n<\/ul>\n<\/li>\n\n\n\n<li>konieczno\u015bci wstrzymania pracy Serwera ze wzgl\u0119du na niezgodne z prawem wykorzystanie przez Klienta Us\u0142ugi, kt\u00f3rego \u017ar\u00f3d\u0142em jest oprogramowanie Klienta lub stanowi nast\u0119pstwo niew\u0142a\u015bciwego zabezpieczenia przez Klienta przed dzia\u0142aniami niepo\u017c\u0105danymi (np. niski stopie\u0144 zabezpiecze\u0144 antywirusowych, brak firewalla, brak aktualizacji itp);<\/li>\n\n\n\n<li>nieosi\u0105gni\u0119cia zak\u0142adanych przez Klienta funkcjonalno\u015bci systemu teleinformatycznego Klienta, kt\u00f3rego cz\u0119\u015b\u0107 sk\u0142adow\u0105 maj\u0105 stanowi\u0107 zasoby Serwera; dotyczy to tak\u017ce przypadk\u00f3w, w kt\u00f3rych oprogramowanie pochodz\u0105ce od Klienta s\u0142u\u017c\u0105ce do obs\u0142ugi zapisanych danych pozostaje niezgodne (niekompatybilne) z oprogramowaniem s\u0142u\u017c\u0105cym do obs\u0142ugi pracy Serwera;<\/li>\n\n\n\n<li>b\u0142\u0119dnej konfiguracji system\u00f3w do obs\u0142ugi przetwarzanych danych, je\u017celi specyfikacja techniczna Serwera zosta\u0142a ustalona przez Klienta;<\/li>\n\n\n\n<li>naruszenia warunk\u00f3w Umowy przez Klienta.<\/li>\n<\/ul>\n<\/li>\n\n\n\n<li>Dostawca nie ponosi odpowiedzialno\u015bci za nieuprawnion\u0105 modyfikacj\u0119, zmian\u0119 lub utrat\u0119 danych (w tym oprogramowania) zapisanych w udost\u0119pnionych Klientowi zasobach Serwera Dostawcy, je\u017celi wynikn\u0119\u0142a ona z przyczyn le\u017c\u0105cych po stronie Klienta lub stanowi nast\u0119pstwo niew\u0142a\u015bciwego zabezpieczenia przez Klienta udost\u0119pnionych mu zasob\u00f3w Serwera Dostawcy przed dzia\u0142aniami niepo\u017c\u0105danymi (np. niski stopie\u0144 zabezpiecze\u0144 antywirusowych, brak firewalla, brak aktualizacji itp).<\/li>\n\n\n\n<li>Ograniczenia odpowiedzialno\u015bci Dostawcy, okre\u015blone w \u00a7 7 ust. 1-2, nie dotycz\u0105 Konsument\u00f3w, wzgl\u0119dem kt\u00f3rych Dostawca ponosi odpowiedzialno\u015b\u0107 za szkod\u0119 w pe\u0142nym rozmiarze, zgodnie z og\u00f3lnymi zasadami odpowiedzialno\u015bci.<\/li>\n<\/ol>\n\n\n\n<h3 class=\"wp-block-heading has-text-align-center\">ROZDZIA\u0141 IV. POSTANOWIENIA KO\u0143COWE<\/h3>\n\n\n\n<p class=\"has-text-align-center\">\u00a78<\/p>\n\n\n\n<p>Regulamin hostingu wchodzi w \u017cycie dnia 23.03.2022.<\/p>\n","protected":false},"excerpt":{"rendered":"<p>ROZDZIA\u0141 I. POSTANOWIENIA OG\u00d3LNE \u00a71 \u00a72 Okre\u015blenia u\u017cyte w Regulaminie hostingu oznaczaj\u0105: \u00a73 ROZDZIA\u0141 II. US\u0141UGI HOSTINGOWE \u00a74 \u00a75 \u00a76 ROZDZIA\u0141 III. ODPOWIEDZIALNO\u015a\u0106 STRON \u00a77 ROZDZIA\u0141 IV. POSTANOWIENIA KO\u0143COWE \u00a78 Regulamin hostingu wchodzi w \u017cycie dnia 23.03.2022.<\/p>\n","protected":false},"author":1,"featured_media":0,"parent":0,"menu_order":0,"comment_status":"closed","ping_status":"closed","template":"","meta":{"neve_meta_sidebar":"","neve_meta_container":"","neve_meta_enable_content_width":"","neve_meta_content_width":0,"neve_meta_title_alignment":"","neve_meta_author_avatar":"","neve_post_elements_order":"","neve_meta_disable_header":"","neve_meta_disable_footer":"","neve_meta_disable_title":"","footnotes":""},"class_list":["post-71","page","type-page","status-publish","hentry"],"_links":{"self":[{"href":"https:\/\/w.zset.leszno.pl\/index.php\/wp-json\/wp\/v2\/pages\/71","targetHints":{"allow":["GET"]}}],"collection":[{"href":"https:\/\/w.zset.leszno.pl\/index.php\/wp-json\/wp\/v2\/pages"}],"about":[{"href":"https:\/\/w.zset.leszno.pl\/index.php\/wp-json\/wp\/v2\/types\/page"}],"author":[{"embeddable":true,"href":"https:\/\/w.zset.leszno.pl\/index.php\/wp-json\/wp\/v2\/users\/1"}],"replies":[{"embeddable":true,"href":"https:\/\/w.zset.leszno.pl\/index.php\/wp-json\/wp\/v2\/comments?post=71"}],"version-history":[{"count":1,"href":"https:\/\/w.zset.leszno.pl\/index.php\/wp-json\/wp\/v2\/pages\/71\/revisions"}],"predecessor-version":[{"id":72,"href":"https:\/\/w.zset.leszno.pl\/index.php\/wp-json\/wp\/v2\/pages\/71\/revisions\/72"}],"wp:attachment":[{"href":"https:\/\/w.zset.leszno.pl\/index.php\/wp-json\/wp\/v2\/media?parent=71"}],"curies":[{"name":"wp","href":"https:\/\/api.w.org\/{rel}","templated":true}]}}